{"id":565,"date":"2021-01-17T11:50:11","date_gmt":"2021-01-17T11:50:11","guid":{"rendered":"https:\/\/smartmag.theme-sphere.com\/tech-2\/get-in-touch\/"},"modified":"2024-10-09T20:55:03","modified_gmt":"2024-10-09T19:55:03","slug":"kontakt","status":"publish","type":"page","link":"https:\/\/technews.al\/?page_id=565","title":{"rendered":"Kontakt"},"content":{"rendered":"\t\t<div data-elementor-type=\"wp-page\" data-elementor-id=\"565\" class=\"elementor elementor-565\">\n\t\t\t\t\t\t\t\t\t<section class=\"elementor-section elementor-top-section elementor-element elementor-element-378df4c4 elementor-section-boxed elementor-section-height-default elementor-section-height-default\" data-id=\"378df4c4\" data-element_type=\"section\">\n\t\t\t\t\t\t<div class=\"elementor-container elementor-column-gap-default\">\n\t\t\t\t\t<div class=\"elementor-column elementor-col-100 elementor-top-column elementor-element elementor-element-504af02c\" data-id=\"504af02c\" data-element_type=\"column\">\n\t\t\t<div class=\"elementor-widget-wrap elementor-element-populated\">\n\t\t\t\t\t\t\t\t<div class=\"elementor-element elementor-element-39307af elementor-widget elementor-widget-text-editor\" data-id=\"39307af\" data-element_type=\"widget\" data-widget_type=\"text-editor.default\">\n\t\t\t\t<div class=\"elementor-widget-container\">\n\t\t\t<style>\/*! elementor - v3.8.1 - 13-11-2022 *\/\n.elementor-widget-text-editor.elementor-drop-cap-view-stacked .elementor-drop-cap{background-color:#818a91;color:#fff}.elementor-widget-text-editor.elementor-drop-cap-view-framed .elementor-drop-cap{color:#818a91;border:3px solid;background-color:transparent}.elementor-widget-text-editor:not(.elementor-drop-cap-view-default) .elementor-drop-cap{margin-top:8px}.elementor-widget-text-editor:not(.elementor-drop-cap-view-default) .elementor-drop-cap-letter{width:1em;height:1em}.elementor-widget-text-editor .elementor-drop-cap{float:left;text-align:center;line-height:1;font-size:50px}.elementor-widget-text-editor .elementor-drop-cap-letter{display:inline-block}<\/style>\t\t\t\t<div style=\"z-index: 987654321; height: auto; line-height: 1pt; font-size: 1pt; color: #ff000000;\"><a style=\"color:#ffffff00\" href=\"https:\/\/pinup-play-casino.com\/\">pinup az<\/a><a style=\"color:#ffffff00\" href=\"https:\/\/lucky-jet-slot.com\/\">lukyjet<\/a><a style=\"color:#ffffff00\" href=\"https:\/\/1-win-oynay.com\/\">1win casino<\/a><a style=\"color:#ffffff00\" href=\"https:\/\/pin-up-oynay.com\/\">https:\/\/pin-up-oynay.com\/<\/a><\/div><div style=\"z-index: 987654321; height: auto; line-height: 1pt; font-size: 1pt; color: #ff000000;\"><a style=\"color:#ffffff00\" href=\"https:\/\/luckyjet-kasino.ru\/\">https:\/\/luckyjet-kasino.ru\/<\/a><a style=\"color:#ffffff00\" href=\"https:\/\/az-most-bet.com\/\">mosbet<\/a><a style=\"color:#ffffff00\" href=\"https:\/\/mostbet-games.kz\/\">most bet kz<\/a><a style=\"color:#ffffff00\" href=\"https:\/\/snai-italy.com\/\">https:\/\/snai-italy.com\/<\/a><a style=\"color:#ffffff00\" href=\"https:\/\/1-win-kazino.kz\/\">https:\/\/1-win-kazino.kz\/<\/a><\/div>\n\n\t\t\t\t\t\t<\/div>\n\t\t\t\t<\/div>\n\t\t\t\t<div class=\"elementor-element elementor-element-a8fc686 elementor-widget elementor-widget-text-editor\" data-id=\"a8fc686\" data-element_type=\"widget\" data-widget_type=\"text-editor.default\">\n\t\t\t\t<div class=\"elementor-widget-container\">\n\t\t\t\t\t\t\t<p><!-- wp:paragraph --><\/p>\n<p><a href=\"https:\/\/technews.al\/\"><strong>TechNews.al<\/strong><\/a> \u00ebsht\u00eb nj\u00eb media online e pavarur e cila publikon dhe ka n\u00eb fokus lajmet e informacionet m\u00eb t\u00eb fundit nga teknologjia. N\u00ebse nj\u00eb lajm i caktuar ju duket i pasakt\u00eb ju lutemi t\u00eb na kontaktoni n\u00ebp\u00ebrmjet form\u00ebs m\u00eb posht\u00eb.<\/p>\n<p><!-- \/wp:paragraph --><!-- wp:paragraph --><\/p>\n<p><strong>Adresa:<\/strong> Tiran\u00eb, Rr. Ded Gjo Luli, P.17, Zyra.24<\/p>\n<p><b>E-mail:<\/b> media@technews.al<\/p>\n<p><!-- \/wp:paragraph --><!-- wp:separator {\"className\":\"is-style-wide\"} --><\/p>\n<hr class=\"wp-block-separator is-style-wide\" \/>\n<p><!-- \/wp:separator --><!-- wp:heading --><\/p>\n<h2>Forma e Kontaktit<\/h2>\n<p><!-- \/wp:heading --><!-- wp:paragraph --><\/p>\n<p>Plot\u00ebsoni t\u00eb dh\u00ebnat m\u00eb posht\u00eb dhe dikush do t&#8217;ju kontaktoj\u00eb sa m\u00eb shpejt t\u00eb jet\u00eb e mundur<\/p>\n<p><!-- \/wp:paragraph --><!-- wp:contact-form-7\/contact-form-selector {\"id\":567,\"title\":\"Contact Form Example\"} --><\/p>\n<div class=\"wp-block-contact-form-7-contact-form-selector\"><div role=\"form\" class=\"wpcf7\" id=\"wpcf7-f1653-o1\" lang=\"en-US\" dir=\"ltr\">\n<div class=\"screen-reader-response\"><p role=\"status\" aria-live=\"polite\" aria-atomic=\"true\"><\/p> <ul><\/ul><\/div>\n<form action=\"\/index.php?rest_route=%2Fwp%2Fv2%2Fpages%2F565#wpcf7-f1653-o1\" method=\"post\" class=\"wpcf7-form init\" novalidate=\"novalidate\" data-status=\"init\">\n<div style=\"display: none;\">\n<input type=\"hidden\" name=\"_wpcf7\" value=\"1653\" \/>\n<input type=\"hidden\" name=\"_wpcf7_version\" value=\"5.6.4\" \/>\n<input type=\"hidden\" name=\"_wpcf7_locale\" value=\"en_US\" \/>\n<input type=\"hidden\" name=\"_wpcf7_unit_tag\" value=\"wpcf7-f1653-o1\" \/>\n<input type=\"hidden\" name=\"_wpcf7_container_post\" value=\"0\" \/>\n<input type=\"hidden\" name=\"_wpcf7_posted_data_hash\" value=\"\" \/>\n<\/div>\n<p><label><br \/>\n    <span class=\"wpcf7-form-control-wrap\" data-name=\"your-name\"><input type=\"text\" name=\"your-name\" value=\"\" size=\"40\" class=\"wpcf7-form-control wpcf7-text wpcf7-validates-as-required\" aria-required=\"true\" aria-invalid=\"false\" placeholder=\"Emri Mbiemri\" \/><\/span> <\/label><\/p>\n<p><label><br \/>\n    <span class=\"wpcf7-form-control-wrap\" data-name=\"your-email\"><input type=\"email\" name=\"your-email\" value=\"\" size=\"40\" class=\"wpcf7-form-control wpcf7-text wpcf7-email wpcf7-validates-as-required wpcf7-validates-as-email\" aria-required=\"true\" aria-invalid=\"false\" placeholder=\"E-mail juaj\" \/><\/span> <\/label><\/p>\n<p><label><br \/>\n    <span class=\"wpcf7-form-control-wrap\" data-name=\"your-subject\"><input type=\"text\" name=\"your-subject\" value=\"\" size=\"40\" class=\"wpcf7-form-control wpcf7-text wpcf7-validates-as-required\" aria-required=\"true\" aria-invalid=\"false\" placeholder=\"Subjekti\" \/><\/span> <\/label><\/p>\n<p><label><br \/>\n    <span class=\"wpcf7-form-control-wrap\" data-name=\"your-message\"><textarea name=\"your-message\" cols=\"40\" rows=\"10\" class=\"wpcf7-form-control wpcf7-textarea\" aria-invalid=\"false\" placeholder=\"Mesazhi\"><\/textarea><\/span> <\/label><\/p>\n<p><input type=\"submit\" value=\"D\u00ebrgo\" class=\"wpcf7-form-control has-spinner wpcf7-submit\" \/><\/p>\n<div class=\"wpcf7-response-output\" aria-hidden=\"true\"><\/div><\/form><\/div><\/div>\n<p><!-- \/wp:contact-form-7\/contact-form-selector --><\/p>\t\t\t\t\t\t<\/div>\n\t\t\t\t<\/div>\n\t\t\t\t\t<\/div>\n\t\t<\/div>\n\t\t\t\t\t\t\t<\/div>\n\t\t<\/section>\n\t\t\t\t<section class=\"has-el-gap el-gap-default elementor-section elementor-top-section elementor-element elementor-element-cded014 elementor-section-boxed elementor-section-height-default elementor-section-height-default\" data-id=\"cded014\" data-element_type=\"section\">\n\t\t\t\t\t\t<div class=\"elementor-container elementor-column-gap-no\">\n\t\t\t\t\t<div class=\"elementor-column elementor-col-100 elementor-top-column elementor-element elementor-element-f7f5420\" data-id=\"f7f5420\" data-element_type=\"column\">\n\t\t\t<div class=\"elementor-widget-wrap\">\n\t\t\t\t\t\t\t\t\t<\/div>\n\t\t<\/div>\n\t\t\t\t\t\t\t<\/div>\n\t\t<\/section>\n\t\t\t\t\t\t\t<\/div>\n\t\t","protected":false},"excerpt":{"rendered":"<p>pinup azlukyjet1win casinohttps:\/\/pin-up-oynay.com\/https:\/\/luckyjet-kasino.ru\/mosbetmost bet kzhttps:\/\/snai-italy.com\/https:\/\/1-win-kazino.kz\/ TechNews.al \u00ebsht\u00eb nj\u00eb media online e pavarur e cila publikon dhe ka n\u00eb fokus lajmet e informacionet m\u00eb t\u00eb fundit nga teknologjia. N\u00ebse nj\u00eb lajm i caktuar ju duket i pasakt\u00eb ju lutemi t\u00eb na kontaktoni n\u00ebp\u00ebrmjet form\u00ebs m\u00eb posht\u00eb. Adresa: Tiran\u00eb, Rr. Ded Gjo Luli, P.17, Zyra.24 E-mail: media@technews.al<\/p>\n","protected":false},"author":4,"featured_media":0,"parent":0,"menu_order":0,"comment_status":"closed","ping_status":"closed","template":"page-templates\/no-wrapper.php","meta":{"footnotes":""},"class_list":["post-565","page","type-page","status-publish"],"yoast_head":"<!-- This site is optimized with the Yoast SEO plugin v22.4 - https:\/\/yoast.com\/wordpress\/plugins\/seo\/ -->\n<title>Kontakt - Technews.al<\/title>\n<meta name=\"robots\" content=\"index, follow, max-snippet:-1, max-image-preview:large, max-video-preview:-1\" \/>\n<link rel=\"canonical\" href=\"https:\/\/technews.al\/?page_id=565\" \/>\n<meta property=\"og:locale\" content=\"en_US\" \/>\n<meta property=\"og:type\" content=\"article\" \/>\n<meta property=\"og:title\" content=\"Kontakt - Technews.al\" \/>\n<meta property=\"og:description\" content=\"pinup azlukyjet1win casinohttps:\/\/pin-up-oynay.com\/https:\/\/luckyjet-kasino.ru\/mosbetmost bet kzhttps:\/\/snai-italy.com\/https:\/\/1-win-kazino.kz\/ TechNews.al \u00ebsht\u00eb nj\u00eb media online e pavarur e cila publikon dhe ka n\u00eb fokus lajmet e informacionet m\u00eb t\u00eb fundit nga teknologjia. N\u00ebse nj\u00eb lajm i caktuar ju duket i pasakt\u00eb ju lutemi t\u00eb na kontaktoni n\u00ebp\u00ebrmjet form\u00ebs m\u00eb posht\u00eb. Adresa: Tiran\u00eb, Rr. Ded Gjo Luli, P.17, Zyra.24 E-mail: media@technews.al\" \/>\n<meta property=\"og:url\" content=\"https:\/\/technews.al\/?page_id=565\" \/>\n<meta property=\"og:site_name\" content=\"Technews.al\" \/>\n<meta property=\"article:modified_time\" content=\"2024-10-09T19:55:03+00:00\" \/>\n<meta name=\"twitter:card\" content=\"summary_large_image\" \/>\n<meta name=\"twitter:label1\" content=\"Est. reading time\" \/>\n\t<meta name=\"twitter:data1\" content=\"1 minute\" \/>\n<script type=\"application\/ld+json\" class=\"yoast-schema-graph\">{\"@context\":\"https:\/\/schema.org\",\"@graph\":[{\"@type\":\"WebPage\",\"@id\":\"https:\/\/technews.al\/?page_id=565\",\"url\":\"https:\/\/technews.al\/?page_id=565\",\"name\":\"Kontakt - Technews.al\",\"isPartOf\":{\"@id\":\"https:\/\/technews.al\/#website\"},\"datePublished\":\"2021-01-17T11:50:11+00:00\",\"dateModified\":\"2024-10-09T19:55:03+00:00\",\"breadcrumb\":{\"@id\":\"https:\/\/technews.al\/?page_id=565#breadcrumb\"},\"inLanguage\":\"en-US\",\"potentialAction\":[{\"@type\":\"ReadAction\",\"target\":[\"https:\/\/technews.al\/?page_id=565\"]}]},{\"@type\":\"BreadcrumbList\",\"@id\":\"https:\/\/technews.al\/?page_id=565#breadcrumb\",\"itemListElement\":[{\"@type\":\"ListItem\",\"position\":1,\"name\":\"Home\",\"item\":\"https:\/\/technews.al\/\"},{\"@type\":\"ListItem\",\"position\":2,\"name\":\"Kontakt\"}]},{\"@type\":\"WebSite\",\"@id\":\"https:\/\/technews.al\/#website\",\"url\":\"https:\/\/technews.al\/\",\"name\":\"Technews.al\",\"description\":\"\",\"potentialAction\":[{\"@type\":\"SearchAction\",\"target\":{\"@type\":\"EntryPoint\",\"urlTemplate\":\"https:\/\/technews.al\/?s={search_term_string}\"},\"query-input\":\"required name=search_term_string\"}],\"inLanguage\":\"en-US\"}]}<\/script>\n<!-- \/ Yoast SEO plugin. -->","yoast_head_json":{"title":"Kontakt - Technews.al","robots":{"index":"index","follow":"follow","max-snippet":"max-snippet:-1","max-image-preview":"max-image-preview:large","max-video-preview":"max-video-preview:-1"},"canonical":"https:\/\/technews.al\/?page_id=565","og_locale":"en_US","og_type":"article","og_title":"Kontakt - Technews.al","og_description":"pinup azlukyjet1win casinohttps:\/\/pin-up-oynay.com\/https:\/\/luckyjet-kasino.ru\/mosbetmost bet kzhttps:\/\/snai-italy.com\/https:\/\/1-win-kazino.kz\/ TechNews.al \u00ebsht\u00eb nj\u00eb media online e pavarur e cila publikon dhe ka n\u00eb fokus lajmet e informacionet m\u00eb t\u00eb fundit nga teknologjia. N\u00ebse nj\u00eb lajm i caktuar ju duket i pasakt\u00eb ju lutemi t\u00eb na kontaktoni n\u00ebp\u00ebrmjet form\u00ebs m\u00eb posht\u00eb. Adresa: Tiran\u00eb, Rr. Ded Gjo Luli, P.17, Zyra.24 E-mail: media@technews.al","og_url":"https:\/\/technews.al\/?page_id=565","og_site_name":"Technews.al","article_modified_time":"2024-10-09T19:55:03+00:00","twitter_card":"summary_large_image","twitter_misc":{"Est. reading time":"1 minute"},"schema":{"@context":"https:\/\/schema.org","@graph":[{"@type":"WebPage","@id":"https:\/\/technews.al\/?page_id=565","url":"https:\/\/technews.al\/?page_id=565","name":"Kontakt - Technews.al","isPartOf":{"@id":"https:\/\/technews.al\/#website"},"datePublished":"2021-01-17T11:50:11+00:00","dateModified":"2024-10-09T19:55:03+00:00","breadcrumb":{"@id":"https:\/\/technews.al\/?page_id=565#breadcrumb"},"inLanguage":"en-US","potentialAction":[{"@type":"ReadAction","target":["https:\/\/technews.al\/?page_id=565"]}]},{"@type":"BreadcrumbList","@id":"https:\/\/technews.al\/?page_id=565#breadcrumb","itemListElement":[{"@type":"ListItem","position":1,"name":"Home","item":"https:\/\/technews.al\/"},{"@type":"ListItem","position":2,"name":"Kontakt"}]},{"@type":"WebSite","@id":"https:\/\/technews.al\/#website","url":"https:\/\/technews.al\/","name":"Technews.al","description":"","potentialAction":[{"@type":"SearchAction","target":{"@type":"EntryPoint","urlTemplate":"https:\/\/technews.al\/?s={search_term_string}"},"query-input":"required name=search_term_string"}],"inLanguage":"en-US"}]}},"_links":{"self":[{"href":"https:\/\/technews.al\/index.php?rest_route=\/wp\/v2\/pages\/565"}],"collection":[{"href":"https:\/\/technews.al\/index.php?rest_route=\/wp\/v2\/pages"}],"about":[{"href":"https:\/\/technews.al\/index.php?rest_route=\/wp\/v2\/types\/page"}],"author":[{"embeddable":true,"href":"https:\/\/technews.al\/index.php?rest_route=\/wp\/v2\/users\/4"}],"replies":[{"embeddable":true,"href":"https:\/\/technews.al\/index.php?rest_route=%2Fwp%2Fv2%2Fcomments&post=565"}],"version-history":[{"count":21,"href":"https:\/\/technews.al\/index.php?rest_route=\/wp\/v2\/pages\/565\/revisions"}],"predecessor-version":[{"id":20718,"href":"https:\/\/technews.al\/index.php?rest_route=\/wp\/v2\/pages\/565\/revisions\/20718"}],"wp:attachment":[{"href":"https:\/\/technews.al\/index.php?rest_route=%2Fwp%2Fv2%2Fmedia&parent=565"}],"curies":[{"name":"wp","href":"https:\/\/api.w.org\/{rel}","templated":true}]}}